{"id":562,"date":"2021-03-10T20:24:29","date_gmt":"2021-03-10T19:24:29","guid":{"rendered":"https:\/\/development.brunogisler.com\/tina\/ueber-mich\/"},"modified":"2026-03-06T19:14:34","modified_gmt":"2026-03-06T18:14:34","slug":"about","status":"publish","type":"page","link":"https:\/\/tinastamelou.com\/en\/about\/","title":{"rendered":"About"},"content":{"rendered":"\n<p><\/p>\n\n\n\n<div class=\"wp-block-columns is-layout-flex wp-container-core-columns-is-layout-9d6595d7 wp-block-columns-is-layout-flex\">\n<div class=\"wp-block-column is-layout-flow wp-block-column-is-layout-flow\">\n<figure class=\"wp-block-image size-large\"><img loading=\"lazy\" decoding=\"async\" width=\"1024\" height=\"797\" src=\"https:\/\/development.brunogisler.com\/tina\/wp-content\/uploads\/2021\/03\/TS_Studio-1024x797.jpg\" alt=\"Tina Studio\" class=\"wp-image-768\" srcset=\"https:\/\/tinastamelou.com\/wp-content\/uploads\/2021\/03\/TS_Studio-1024x797.jpg 1024w, https:\/\/tinastamelou.com\/wp-content\/uploads\/2021\/03\/TS_Studio-300x233.jpg 300w, https:\/\/tinastamelou.com\/wp-content\/uploads\/2021\/03\/TS_Studio-768x598.jpg 768w, https:\/\/tinastamelou.com\/wp-content\/uploads\/2021\/03\/TS_Studio-1536x1195.jpg 1536w, https:\/\/tinastamelou.com\/wp-content\/uploads\/2021\/03\/TS_Studio-450x350.jpg 450w, https:\/\/tinastamelou.com\/wp-content\/uploads\/2021\/03\/TS_Studio-600x467.jpg 600w, https:\/\/tinastamelou.com\/wp-content\/uploads\/2021\/03\/TS_Studio.jpg 1542w\" sizes=\"auto, (max-width: 1024px) 100vw, 1024px\" \/><\/figure>\n<\/div>\n\n\n\n<div class=\"wp-block-column is-layout-flow wp-block-column-is-layout-flow\">\n<figure class=\"wp-block-image size-large\"><img loading=\"lazy\" decoding=\"async\" width=\"1024\" height=\"797\" src=\"https:\/\/tinastamelou.com\/wp-content\/uploads\/2022\/02\/TS_Portrait_2-1-1024x797.jpg\" alt=\"\" class=\"wp-image-1418\" srcset=\"https:\/\/tinastamelou.com\/wp-content\/uploads\/2022\/02\/TS_Portrait_2-1-1024x797.jpg 1024w, https:\/\/tinastamelou.com\/wp-content\/uploads\/2022\/02\/TS_Portrait_2-1-300x233.jpg 300w, https:\/\/tinastamelou.com\/wp-content\/uploads\/2022\/02\/TS_Portrait_2-1-768x598.jpg 768w, https:\/\/tinastamelou.com\/wp-content\/uploads\/2022\/02\/TS_Portrait_2-1-1536x1195.jpg 1536w, https:\/\/tinastamelou.com\/wp-content\/uploads\/2022\/02\/TS_Portrait_2-1-450x350.jpg 450w, https:\/\/tinastamelou.com\/wp-content\/uploads\/2022\/02\/TS_Portrait_2-1-600x467.jpg 600w, https:\/\/tinastamelou.com\/wp-content\/uploads\/2022\/02\/TS_Portrait_2-1.jpg 1542w\" sizes=\"auto, (max-width: 1024px) 100vw, 1024px\" \/><\/figure>\n<\/div>\n<\/div>\n\n\n\n<div class=\"wp-block-columns is-layout-flex wp-container-core-columns-is-layout-9d6595d7 wp-block-columns-is-layout-flex\">\n<div class=\"wp-block-column is-layout-flow wp-block-column-is-layout-flow\" style=\"flex-basis:17%\">\n<p>About Tina<\/p>\n<\/div>\n\n\n\n<div class=\"wp-block-column is-layout-flow wp-block-column-is-layout-flow\">\n<p>Tina is a British artist creating sophisticated quirky artworks from her studio in Switzerland.<\/p>\n\n\n\n<p>With a passion for illustration and creating a twist out of nature\u2019s delights, Tina focuses on delicate plants, petals, leaves and buds in combination with mouthwatering ingredients from the kitchen. They depict nature with a quirk to be enjoyed in beautiful country kitchens everywhere\u2013whether in urban cities or indeed in the countryside.<\/p>\n\n\n\n<p>Each piece brings a unique sense of joy and vitality; birds perched on lemons observing their surroundings, is just one of the eclectic images that inspire her creativity.<\/p>\n\n\n\n<p>Tina studied Art and Textiles at Central Saint Martin\u2019s and Huddersfield University prior to embarking on a career in textile design with Designers Guild and Anna French. Tina was then approached by the Swiss design company Christian Fischbacher for whom she worked firstly in London before moving to their head office in Switzerland 30 years ago. She has lived in Switzerland ever since with her now adult children.<\/p>\n\n\n\n<p>Her pieces are available online, in a select few outlets in Switzerland and coming soon to select outlets in the UK.<\/p>\n\n\n\n<figure class=\"wp-block-image size-large\"><img loading=\"lazy\" decoding=\"async\" width=\"1024\" height=\"461\" src=\"https:\/\/tinastamelou.com\/wp-content\/uploads\/2022\/08\/Tina-portraits-copy-1024x461.webp\" alt=\"\" class=\"wp-image-1532\" srcset=\"https:\/\/tinastamelou.com\/wp-content\/uploads\/2022\/08\/Tina-portraits-copy-1024x461.webp 1024w, https:\/\/tinastamelou.com\/wp-content\/uploads\/2022\/08\/Tina-portraits-copy-300x135.webp 300w, https:\/\/tinastamelou.com\/wp-content\/uploads\/2022\/08\/Tina-portraits-copy-768x345.webp 768w, https:\/\/tinastamelou.com\/wp-content\/uploads\/2022\/08\/Tina-portraits-copy-1536x691.webp 1536w, https:\/\/tinastamelou.com\/wp-content\/uploads\/2022\/08\/Tina-portraits-copy-450x202.webp 450w, https:\/\/tinastamelou.com\/wp-content\/uploads\/2022\/08\/Tina-portraits-copy-600x270.webp 600w, https:\/\/tinastamelou.com\/wp-content\/uploads\/2022\/08\/Tina-portraits-copy.webp 1772w\" sizes=\"auto, (max-width: 1024px) 100vw, 1024px\" \/><\/figure>\n\n\n\n<p><\/p>\n\n\n\n<p>Shops in Switzerland:<\/p>\n\n\n\n<p>Ladengl\u00fcck \u2013 Steinberggasse 41, 8400 Winterthur<br>Brit\u2019s Passion \u2013 Kuttelgasse 1, 8001 Z\u00fcrich<br>Brit\u2019s Passion \u2013 Hauptplatz 8, 8640 Rapperswil-Jona<br>Boutique Sp\u00e4ti \u2013 Spisertor 20, 9000 St. Gallen<br>Flauderei \u2013 Hauptgasse 21, 9050 Appenzell<br>Geschenkladen \u2013 L\u00f6wengasse 28, 8810 Horgen<br>Heimatwerk Haslital \u2013 Rudenz 10, 3860 Meiringen<br>Pro Table \u2013 Neugasse 51, 9000 St. Gallen<br>Taufrisch Blueme \/ Kafi Gschwend-Rechsteiner &#8211; Demutstrasse 2, 9000 St. Gallen<br>Verikoko &#8211; Bielstrasse 9, 4500 Solothrun<br>Schweizerische Vogelwarte &#8211; Besuchszentrum, Luzernerstrasse 6, 6204 Sempach<br>Trouvaillen GmbH, mehr &amp; wert &#8211; Ziegelrain 11, 5000 Aarau<br>Robert Mutzner AG &#8211; Gewerbestrasse 14, 9470 Buchs SG<br>Atelier Lichthof &#8211; Passage 6, 4104 Oberwil BL<br>Hotel Eiger &#8211; Aegerten 1079c, 3825 M\u00fcrren<br>Zinsli Eisenwaren + Haushalt AG &#8211; Landsgemeindeplatz 6, 7130 Ilanz<br>Barbara Wick AG &#8211; Neumarkt 3, 8001 Z\u00fcrich<br>Atelier Boutique Bistro Alpenr\u00f6sli &#8211; Allmendstrasse 16, 3602 Thun<br>CADO &#8211; Freude am Schenken &#8211; M\u00fcnstergasse 62, 3011 Bern<br>Ruth Walther &#8211; Bubelooweg 3, 3322 Urtenen-Sch\u00f6nb\u00fchl<br>Inspirations By Savannah &#8211; Hauptstrasse 9, 2575 Gerolfingen<br>Verdissimo &#8211; Binzstrasse 15, 8125 Zollikerberg<br>Iljos Cucina GmbH &#8211; M\u00fcnstergasse 46, 3011 Bern<br>souperbe GmbH &#8211; Hauptstrasse 17, 5200 Brugg AG<\/p>\n\n\n\n<p>If you have an idea which needs translating and exploring, please feel free to contact her.<\/p>\n\n\n\n<p>If you\u2019re interested in purchasing any original artwork, please contact <a href=\"mailto:hello@tinastamelou.com\">hello@tinastamelou.com<\/a> for details.<\/p>\n\n\n\n<p>For those of you interested to read a bit more about me, head over to <a href=\"https:\/\/www.artistcloseup.com\/blog\/interview-tina-stamelou\" target=\"_blank\" rel=\"noreferrer noopener\">this link<\/a>.<\/p>\n\n\n\n<p>Editorial\u00a0with Inflight magazine: Discover Germany,\u00a0Switzerland and\u00a0Austria &#8211; <a href=\"https:\/\/www.discovergermany.com\/tina-stamelou-illustrating-nature-with-a-twist\/\" target=\"_blank\" rel=\"noreferrer noopener\">Tina Stamelou: Illustrating nature with a twist<\/a><\/p>\n\n\n\n<p> &nbsp;<\/p>\n<\/div>\n<\/div>\n\n\n\n<div class=\"wp-block-columns is-layout-flex wp-container-core-columns-is-layout-9d6595d7 wp-block-columns-is-layout-flex\">\n<div class=\"wp-block-column is-layout-flow wp-block-column-is-layout-flow\"><\/div>\n<\/div>\n\n\n\n<p><\/p>\n","protected":false},"excerpt":{"rendered":"<p>About Tina Tina is a British artist creating sophisticated quirky artworks from her studio in Switzerland. With a passion for illustration and creating a twist out of nature\u2019s delights, Tina focuses on delicate plants, petals, leaves and buds in combination with mouthwatering ingredients from the kitchen. They depict nature with a quirk to be enjoyed [&hellip;]<\/p>\n","protected":false},"author":3,"featured_media":0,"parent":0,"menu_order":12,"comment_status":"closed","ping_status":"closed","template":"","meta":{"footnotes":""},"class_list":["post-562","page","type-page","status-publish","hentry","post-item"],"_links":{"self":[{"href":"https:\/\/tinastamelou.com\/en\/wp-json\/wp\/v2\/pages\/562","targetHints":{"allow":["GET"]}}],"collection":[{"href":"https:\/\/tinastamelou.com\/en\/wp-json\/wp\/v2\/pages"}],"about":[{"href":"https:\/\/tinastamelou.com\/en\/wp-json\/wp\/v2\/types\/page"}],"author":[{"embeddable":true,"href":"https:\/\/tinastamelou.com\/en\/wp-json\/wp\/v2\/users\/3"}],"replies":[{"embeddable":true,"href":"https:\/\/tinastamelou.com\/en\/wp-json\/wp\/v2\/comments?post=562"}],"version-history":[{"count":28,"href":"https:\/\/tinastamelou.com\/en\/wp-json\/wp\/v2\/pages\/562\/revisions"}],"predecessor-version":[{"id":2540,"href":"https:\/\/tinastamelou.com\/en\/wp-json\/wp\/v2\/pages\/562\/revisions\/2540"}],"wp:attachment":[{"href":"https:\/\/tinastamelou.com\/en\/wp-json\/wp\/v2\/media?parent=562"}],"curies":[{"name":"wp","href":"https:\/\/api.w.org\/{rel}","templated":true}]}}